{"id":1256,"date":"2025-03-31T18:23:15","date_gmt":"2025-03-31T16:23:15","guid":{"rendered":"https:\/\/maithai-shop.ch\/?post_type=product&#038;p=1256"},"modified":"2026-04-22T08:00:48","modified_gmt":"2026-04-22T06:00:48","slug":"kraeutermischung-2","status":"publish","type":"product","link":"https:\/\/maithai-shop.ch\/fr\/produit\/kraeutermischung-2\/","title":{"rendered":"M\u00e9lange d'herbes"},"content":{"rendered":"<div class=\"page\" title=\"Page 2\">\n<div class=\"layoutArea\">\n<div class=\"column\">\n<p>Le m\u00e9lange d'herbes traditionnel tha\u00eflandais est compos\u00e9 \u00e0 100 % d'ingr\u00e9dients naturels.<\/p>\n<p>Pour votre bien-\u00eatre physique !<\/p>\n<p>Essayez-le et faites vos propres exp\u00e9riences.<\/p>\n<\/div>\n<\/div>\n<\/div>","protected":false},"excerpt":{"rendered":"<p>Ingr\u00e9dients : Reine-des-pins, feuille de poivrier tha\u00eflandais, scarab\u00e9e chinois, groseille du Cap, papaye, souchet, ananas r\u00e9ticul\u00e9, s\u00e8ve de bouleau, chardon-\u00e9pic, fenugrec.<\/p>\n<p>Fabriqu\u00e9 en Tha\u00eflande<\/p>","protected":false},"featured_media":2365,"template":"","meta":[],"product_brand":[],"product_cat":[19],"product_tag":[],"class_list":{"0":"post-1256","1":"product","2":"type-product","3":"status-publish","4":"has-post-thumbnail","6":"product_cat-unkategorisiert","8":"first","9":"outofstock","10":"taxable","11":"shipping-taxable","12":"purchasable","13":"product-type-variable"},"_links":{"self":[{"href":"https:\/\/maithai-shop.ch\/fr\/wp-json\/wp\/v2\/product\/1256","targetHints":{"allow":["GET"]}}],"collection":[{"href":"https:\/\/maithai-shop.ch\/fr\/wp-json\/wp\/v2\/product"}],"about":[{"href":"https:\/\/maithai-shop.ch\/fr\/wp-json\/wp\/v2\/types\/product"}],"wp:featuredmedia":[{"embeddable":true,"href":"https:\/\/maithai-shop.ch\/fr\/wp-json\/wp\/v2\/media\/2365"}],"wp:attachment":[{"href":"https:\/\/maithai-shop.ch\/fr\/wp-json\/wp\/v2\/media?parent=1256"}],"wp:term":[{"taxonomy":"product_brand","embeddable":true,"href":"https:\/\/maithai-shop.ch\/fr\/wp-json\/wp\/v2\/product_brand?post=1256"},{"taxonomy":"product_cat","embeddable":true,"href":"https:\/\/maithai-shop.ch\/fr\/wp-json\/wp\/v2\/product_cat?post=1256"},{"taxonomy":"product_tag","embeddable":true,"href":"https:\/\/maithai-shop.ch\/fr\/wp-json\/wp\/v2\/product_tag?post=1256"}],"curies":[{"name":"wp","href":"https:\/\/api.w.org\/{rel}","templated":true}]}}