{"id":7838,"date":"2025-12-08T13:54:38","date_gmt":"2025-12-08T12:54:38","guid":{"rendered":"https:\/\/maithai-shop.ch\/produkt\/maithai-gift-card\/"},"modified":"2025-12-08T14:00:43","modified_gmt":"2025-12-08T13:00:43","slug":"gutschein","status":"publish","type":"product","link":"https:\/\/maithai-shop.ch\/fr\/produit\/gutschein\/","title":{"rendered":"bon d'achat"},"content":{"rendered":"<p>Une carte cadeau qui peut \u00eatre \u00e9chang\u00e9e contre n'importe quel produit dans notre boutique.<\/p>","protected":false},"excerpt":{"rendered":"<p>Offre le cadeau de ton choix avec une carte cadeau de la boutique Maithai.<\/p>","protected":false},"featured_media":141,"template":"","meta":[],"product_brand":[],"product_cat":[19],"product_tag":[],"class_list":{"0":"post-7838","1":"product","2":"type-product","3":"status-publish","4":"has-post-thumbnail","6":"product_cat-unkategorisiert","8":"first","9":"instock","10":"downloadable","11":"virtual","12":"taxable","13":"purchasable","14":"product-type-simple"},"_links":{"self":[{"href":"https:\/\/maithai-shop.ch\/fr\/wp-json\/wp\/v2\/product\/7838","targetHints":{"allow":["GET"]}}],"collection":[{"href":"https:\/\/maithai-shop.ch\/fr\/wp-json\/wp\/v2\/product"}],"about":[{"href":"https:\/\/maithai-shop.ch\/fr\/wp-json\/wp\/v2\/types\/product"}],"wp:featuredmedia":[{"embeddable":true,"href":"https:\/\/maithai-shop.ch\/fr\/wp-json\/wp\/v2\/media\/141"}],"wp:attachment":[{"href":"https:\/\/maithai-shop.ch\/fr\/wp-json\/wp\/v2\/media?parent=7838"}],"wp:term":[{"taxonomy":"product_brand","embeddable":true,"href":"https:\/\/maithai-shop.ch\/fr\/wp-json\/wp\/v2\/product_brand?post=7838"},{"taxonomy":"product_cat","embeddable":true,"href":"https:\/\/maithai-shop.ch\/fr\/wp-json\/wp\/v2\/product_cat?post=7838"},{"taxonomy":"product_tag","embeddable":true,"href":"https:\/\/maithai-shop.ch\/fr\/wp-json\/wp\/v2\/product_tag?post=7838"}],"curies":[{"name":"wp","href":"https:\/\/api.w.org\/{rel}","templated":true}]}}