{"id":154,"date":"2025-01-07T20:06:12","date_gmt":"2025-01-07T19:06:12","guid":{"rendered":"https:\/\/maithai-shop.ch\/warenkorb\/"},"modified":"2025-03-04T14:11:36","modified_gmt":"2025-03-04T13:11:36","slug":"warenkorb","status":"publish","type":"page","link":"https:\/\/maithai-shop.ch\/it\/warenkorb\/","title":{"rendered":"Cestino della spesa"},"content":{"rendered":"<div data-elementor-type=\"wp-page\" data-elementor-id=\"154\" class=\"elementor elementor-154\" data-elementor-post-type=\"page\">\n\t\t\t\t<div class=\"elementor-element elementor-element-5800d357 e-flex e-con-boxed e-con e-parent\" data-id=\"5800d357\" data-element_type=\"container\" data-settings=\"{&quot;background_background&quot;:&quot;classic&quot;}\">\n\t\t\t\t\t<div class=\"e-con-inner\">\n\t\t\t\t<div class=\"elementor-element elementor-element-e148d81 e-cart-layout-two-column elementor-invisible elementor-widget elementor-widget-woocommerce-cart\" data-id=\"e148d81\" data-element_type=\"widget\" data-settings=\"{&quot;_animation&quot;:&quot;fadeInUp&quot;}\" data-widget_type=\"woocommerce-cart.default\">\n\t\t\t\t<div class=\"elementor-widget-container\">\n\t\t\t\t\t<div class=\"woocommerce\"><div class=\"woocommerce-notices-wrapper\"><\/div><div class=\"wc-empty-cart-message\">\n\t<div class=\"cart-empty woocommerce-info\" role=\"status\">\n\t\tIl tuo carrello \u00e8 vuoto.\t<\/div>\n<\/div><\/div>\t\t\t\t<\/div>\n\t\t\t\t<\/div>\n\t\t\t\t\t<\/div>\n\t\t\t\t<\/div>\n\t\t\t\t<\/div>","protected":false},"excerpt":{"rendered":"<p>Rimuovi articolo Miniatura Prodotto Prezzo Quantit\u00e0 Subtotale \u00d7 Miscela di erbe CHF 32.00 Miscela di erbe Quantit\u00e0 CHF 96.00 Aggiornare il carrello Applicare il buono Totale del carrello CHF 96.00 Spedizione Consegna gratuita Le opzioni di spedizione saranno aggiornate durante il checkout. Importo totale CHF 96.00 Continua il checkout<\/p>","protected":false},"author":1,"featured_media":0,"parent":0,"menu_order":0,"comment_status":"closed","ping_status":"closed","template":"","meta":{"footnotes":""},"class_list":["post-154","page","type-page","status-publish","hentry"],"_links":{"self":[{"href":"https:\/\/maithai-shop.ch\/it\/wp-json\/wp\/v2\/pages\/154","targetHints":{"allow":["GET"]}}],"collection":[{"href":"https:\/\/maithai-shop.ch\/it\/wp-json\/wp\/v2\/pages"}],"about":[{"href":"https:\/\/maithai-shop.ch\/it\/wp-json\/wp\/v2\/types\/page"}],"author":[{"embeddable":true,"href":"https:\/\/maithai-shop.ch\/it\/wp-json\/wp\/v2\/users\/1"}],"replies":[{"embeddable":true,"href":"https:\/\/maithai-shop.ch\/it\/wp-json\/wp\/v2\/comments?post=154"}],"version-history":[{"count":34,"href":"https:\/\/maithai-shop.ch\/it\/wp-json\/wp\/v2\/pages\/154\/revisions"}],"predecessor-version":[{"id":788,"href":"https:\/\/maithai-shop.ch\/it\/wp-json\/wp\/v2\/pages\/154\/revisions\/788"}],"wp:attachment":[{"href":"https:\/\/maithai-shop.ch\/it\/wp-json\/wp\/v2\/media?parent=154"}],"curies":[{"name":"wp","href":"https:\/\/api.w.org\/{rel}","templated":true}]}}