{"id":157,"date":"2025-01-07T20:06:12","date_gmt":"2025-01-07T19:06:12","guid":{"rendered":"https:\/\/maithai-shop.ch\/?page_id=157"},"modified":"2026-05-05T05:23:05","modified_gmt":"2026-05-05T03:23:05","slug":"allgemeine_geschaeftsbedingungen","status":"publish","type":"page","link":"https:\/\/maithai-shop.ch\/it\/allgemeine_geschaeftsbedingungen\/","title":{"rendered":"Termini e condizioni generali"},"content":{"rendered":"<div data-elementor-type=\"wp-page\" data-elementor-id=\"157\" class=\"elementor elementor-157\" data-elementor-post-type=\"page\">\n\t\t\t\t<div class=\"elementor-element elementor-element-2de49b55 e-con-full e-flex e-con e-parent\" data-id=\"2de49b55\" data-element_type=\"container\">\n\t\t\t\t<div class=\"elementor-element elementor-element-463f13d9 elementor-widget elementor-widget-text-editor\" data-id=\"463f13d9\" data-element_type=\"widget\" data-widget_type=\"text-editor.default\">\n\t\t\t\t<div class=\"elementor-widget-container\">\n\t\t\t\t\t\t\t\t\t<h2 style=\"font-weight: 400;\"><strong>Termini e condizioni generali<\/strong><\/h2>\n<ol>\n<li style=\"font-weight: 400;\"><strong>Ambito di applicazione<\/strong><\/li>\n<\/ol>\n<p style=\"font-weight: 400;\">Le presenti Condizioni Generali (CG) si applicano a tutti i servizi e prodotti offerti da MaiThai-Shop.ch GmbH nel suo negozio online www.maithai-shop.ch.<\/p>\n<ol start=\"2\">\n<li style=\"font-weight: 400;\"><strong> Offerta e stipula del contratto<\/strong><\/li>\n<\/ol>\n<p style=\"font-weight: 400;\">I prodotti e i servizi pubblicati nel negozio online di MaiThai-Shop.ch GmbH sono considerati offerte.<\/p>\n<p style=\"font-weight: 400;\">Il contratto si conclude quando il cliente ordina i prodotti e i servizi utilizzando l'apposito modulo su Internet. Il cliente si impegna a fornire dati personali veritieri al momento dell'ordine della merce.<\/p>\n<ol start=\"3\">\n<li style=\"font-weight: 400;\"><strong> consegna<\/strong><\/li>\n<\/ol>\n<p style=\"font-weight: 400;\">La consegna avviene esclusivamente in Svizzera. La consegna avviene solitamente per posta o PostPac Economy 1 - 3 giorni lavorativi dopo il ricevimento dell'ordine all'indirizzo indicato. Le spese di spedizione in Svizzera e nel Principato del Liechtenstein ammontano a CHF 0.00. La consegna avviene sempre senza assicurazione e a rischio del cliente da MaiThai-Shop.ch GmbH, 9063 Stein AR. Il rischio viene trasferito al cliente quando la merce lascia MaiThai-Shop.ch o viene consegnata al vettore.<\/p>\n<ol start=\"4\">\n<li style=\"font-weight: 400;\"><strong> Ritardo nella consegna, annullamento o recesso<\/strong><\/li>\n<\/ol>\n<p style=\"font-weight: 400;\">Gli ordini sono vincolanti e il cliente \u00e8 obbligato ad accettarli. Se un prodotto o un servizio non \u00e8 disponibile entro il termine stabilito, il cliente ne sar\u00e0 informato. Se un prodotto o un servizio non \u00e8 pi\u00f9 disponibile, il contratto sar\u00e0 annullato in tal senso. Se la merce ordinata non viene consegnata entro 6 settimane, il cliente pu\u00f2 fissare un periodo di tolleranza con l'avviso che rifiuter\u00e0 di accettare la merce ordinata dopo la scadenza del periodo di tolleranza. Il periodo di tolleranza deve essere di almeno un mese. Se la consegna non avviene ancora entro questo periodo di tolleranza, il cliente ha il diritto di recedere dal contratto per iscritto dopo la scadenza del periodo di tolleranza. I pagamenti gi\u00e0 effettuati dal cliente saranno rimborsati in caso di annullamento o recesso. Sono escluse altre rivendicazioni da parte del cliente, in particolare richieste di risarcimento danni dovute a ritardi nella consegna o alla cancellazione.<\/p>\n<ol start=\"5\">\n<li style=\"font-weight: 400;\"><strong> Danni da trasporto<\/strong><\/li>\n<\/ol>\n<p style=\"font-weight: 400;\">Il rischio di danneggiamento o distruzione della merce viene trasferito al cliente al momento della consegna da parte di MaiThai-Shop.ch GmbH all'azienda di trasporto. Ci\u00f2 vale anche nel caso in cui MaiThai-Shop.ch GmbH si sia assunta i costi di trasporto. I reclami dovuti a danni da trasporto devono essere presentati dal cliente all'azienda di trasporto.<\/p>\n<ol start=\"6\">\n<li style=\"font-weight: 400;\"><strong> Reclami e responsabilit\u00e0<\/strong><\/li>\n<\/ol>\n<p style=\"font-weight: 400;\">I reclami devono essere presentati per iscritto dal cliente immediatamente dopo il ricevimento della consegna, ma al pi\u00f9 tardi entro una settimana dal ricevimento della consegna, nella misura in cui possono essere determinati da una ragionevole ispezione. In caso di reclami giustificati, MaiThai-Shop.ch GmbH effettuer\u00e0 consegne successive di quantit\u00e0 ridotte e ritirer\u00e0 le consegne errate. La merce difettosa pu\u00f2 essere sostituita a discrezione di MaiThai-Shop.ch GmbH o, se ragionevole per il cliente, pu\u00f2 essere concessa una riduzione del prezzo. La restituzione da parte del cliente a MaiThai-Shop.ch GmbH non \u00e8 possibile in quanto la merce \u00e8 di tipo alimentare e non pu\u00f2 essere cambiata per motivi igienici.<\/p>\n<ol start=\"7\">\n<li style=\"font-weight: 400;\"><strong> Condizioni di pagamento<\/strong><\/li>\n<\/ol>\n<p style=\"font-weight: 400;\">Il pagamento viene effettuato con una delle modalit\u00e0 di pagamento disponibili nel negozio online. Si applicano le condizioni dei singoli metodi di pagamento elencati.<\/p>\n<ol start=\"8\">\n<li style=\"font-weight: 400;\"><strong> Protezione dei dati<\/strong><\/li>\n<\/ol>\n<p style=\"font-weight: 400;\">MaiThai-Shop.ch GmbH utilizza i dati personali forniti dai clienti esclusivamente ai fini dell'esecuzione del contratto e per scopi pubblicitari. Non avviene alcun ulteriore trattamento dei dati personali forniti. MaiThai-Shop.ch GmbH trasmette a terzi i dati personali forniti solo nella misura in cui ci\u00f2 \u00e8 necessario per l'adempimento del contratto. Al di l\u00e0 di ci\u00f2, i dati personali forniti non saranno trasmessi a terzi. Il cliente accetta che MaiThai-Shop.ch GmbH possa raccogliere i dati personali forniti e trattarli come sopra descritto. Effettuando un ordine presso MaiThai-Shop.ch GmbH, il cliente accetta la politica di protezione dei dati di MaiThai-Shop.ch GmbH.<\/p>\n<ol start=\"9\">\n<li style=\"font-weight: 400;\"><strong> Ordini da <\/strong>MaiThai-Shop.ch GmbH<\/li>\n<\/ol>\n<p style=\"font-weight: 400;\">Le CG della Posta Svizzera (disponibili su www.post.ch) si applicano anche alla spedizione per posta. Se il cliente non \u00e8 presente, il postino emette un invito al ritiro con un termine di ritiro di sette giorni. La spedizione pu\u00f2 essere ritirata presso l'ufficio postale di competenza con l'invito al ritiro oppure \u00e8 possibile concordare con l'ufficio postale una nuova data di consegna. Se la spedizione non viene ritirata entro il termine di ritiro, la merce viene restituita. Eventuali costi aggiuntivi saranno addebitati al cliente. In questo caso, non verranno effettuati rimborsi per ordini gi\u00e0 pagati.<\/p>\n<ol start=\"10\">\n<li style=\"font-weight: 400;\"><strong> Restituzione della merce<\/strong><\/li>\n<\/ol>\n<p style=\"font-weight: 400;\">Per motivi di igiene non \u00e8 possibile effettuare restituzioni, scambi, ecc.<\/p>\n<ol start=\"11\">\n<li style=\"font-weight: 400;\"><strong> Metodi di pagamento<\/strong><\/li>\n<\/ol>\n<p style=\"font-weight: 400;\">MaiThai-Shop.ch GmbH offre i seguenti metodi di pagamento:<\/p>\n<p>- Twint<br>- Visa \/ Mastercard<br>- PostFinanza<br>- Appel Pay<br>- Google Pay<br>- Samsung Pay<\/p>\n<ol start=\"12\">\n<li style=\"font-weight: 400;\"><strong> Varie<\/strong><\/li>\n<\/ol>\n<p style=\"font-weight: 400;\">MaiThai-Shop.ch GmbH si riserva il diritto di modificare le presenti Condizioni Generali in qualsiasi momento e di applicarle immediatamente. L'invalidit\u00e0 di singole disposizioni delle presenti Condizioni Generali non pregiudica la validit\u00e0 delle restanti disposizioni in esse contenute. La disposizione non valida sar\u00e0 sostituita da una nuova disposizione che si avvicini il pi\u00f9 possibile alla disposizione non valida nei suoi effetti. Il luogo di adempimento e la giurisdizione \u00e8 9100 Herisau, Svizzera.<\/p>\n<p style=\"font-weight: 400;\">05.01.2026<\/p>\n<p><!-- \/wp:paragraph --><\/p>\t\t\t\t\t\t\t\t<\/div>\n\t\t\t\t<\/div>\n\t\t\t\t<\/div>\n\t\t\t\t<\/div>","protected":false},"excerpt":{"rendered":"<p>Termini e condizioni generali Ambito di applicazione I presenti Termini e condizioni generali (CG) si applicano a tutti i servizi e prodotti offerti da MaiThai-Shop.ch GmbH sul proprio negozio online all'indirizzo www.maithai-shop.ch. Offerta e conclusione del contratto I prodotti e i servizi pubblicati nel negozio online di MaiThai-Shop.ch GmbH sono considerati offerte. Il contratto si conclude quando il cliente ordina i prodotti e i servizi [...]<\/p>","protected":false},"author":1,"featured_media":0,"parent":0,"menu_order":0,"comment_status":"closed","ping_status":"closed","template":"","meta":{"footnotes":""},"class_list":["post-157","page","type-page","status-publish","hentry"],"_links":{"self":[{"href":"https:\/\/maithai-shop.ch\/it\/wp-json\/wp\/v2\/pages\/157","targetHints":{"allow":["GET"]}}],"collection":[{"href":"https:\/\/maithai-shop.ch\/it\/wp-json\/wp\/v2\/pages"}],"about":[{"href":"https:\/\/maithai-shop.ch\/it\/wp-json\/wp\/v2\/types\/page"}],"author":[{"embeddable":true,"href":"https:\/\/maithai-shop.ch\/it\/wp-json\/wp\/v2\/users\/1"}],"replies":[{"embeddable":true,"href":"https:\/\/maithai-shop.ch\/it\/wp-json\/wp\/v2\/comments?post=157"}],"version-history":[{"count":53,"href":"https:\/\/maithai-shop.ch\/it\/wp-json\/wp\/v2\/pages\/157\/revisions"}],"predecessor-version":[{"id":21144,"href":"https:\/\/maithai-shop.ch\/it\/wp-json\/wp\/v2\/pages\/157\/revisions\/21144"}],"wp:attachment":[{"href":"https:\/\/maithai-shop.ch\/it\/wp-json\/wp\/v2\/media?parent=157"}],"curies":[{"name":"wp","href":"https:\/\/api.w.org\/{rel}","templated":true}]}}